{"id":100,"date":"2024-03-23T16:33:19","date_gmt":"2024-03-23T16:33:19","guid":{"rendered":"https:\/\/sunsetfilm.de\/?page_id=100"},"modified":"2026-02-28T19:03:04","modified_gmt":"2026-02-28T19:03:04","slug":"impressum","status":"publish","type":"page","link":"https:\/\/sunsetfilm.de\/?page_id=100","title":{"rendered":"Impressum"},"content":{"rendered":"\n    \n    <section class=\"u-align-center u-clearfix u-container-align-center u-section-2\" id=\"sec-e6d8\">\n      <div class=\"u-clearfix u-sheet u-sheet-1\">\n        <h1 class=\"u-text u-text-default u-text-1\"> Impressum<\/h1>\n      <\/div>\n    <\/section>\n    <section class=\"u-clearfix u-grey-5 u-section-3\" id=\"sec-e181\">\n      <div class=\"u-clearfix u-sheet u-sheet-1\">\n        <h5 class=\"u-text u-text-1\"> SunSet Filmger\u00e4teverleih<br>J\u00f6rg Heinzmann<br>Hugo-Stotz-Strasse 4-6<br> 69123 Heidelberg<br>\n          <br>eMail: info@sunsetfilm.de<br>\n          <br>Web:  www.sunsetfilm.de<br>\n          <br>Gesch\u00e4ftsf\u00fchrer: J\u00f6rg Heinzmann<br>Registergericht:\t Heidelberg<br>Ust-IdNr.:         \t DE \u200b190572792<br>Inhaltlich Verantwortlicher: J\u00f6rg Heinzmann \n        <\/h5>\n        <p class=\"u-text u-text-2\"> Haftungsausschluss:<br>Die Inhalte unserer Seiten wurden mit gr\u00f6\u00dfter Sorgfalt erstellt. F\u00fcr die Richtigkeit, Vollst\u00e4ndigkeit und Aktualit\u00e4t der Inhalte k\u00f6nnen wir jedoch keine Gew\u00e4hr \u00fcbernehmen.<br>\n          <br>\n          <br>Haftungsausschluss:<br>Der Autor \u00fcbernimmt keinerlei Gew\u00e4hr f\u00fcr die Aktualit\u00e4t, Korrektheit, Vollst\u00e4ndigkeit oder Qualit\u00e4t der bereitgestellten Informationen. Haftungsanspr\u00fcche gegen den Autor, welche sich auf Sch\u00e4den materieller oder ideeller Art beziehen, die durch die Nutzung oder Nichtnutzung der dargebotenen Informationen bzw. durch die Nutzung fehlerhafter und unvollst\u00e4ndiger Informationen verursacht wurden sind grunds\u00e4tzlich ausgeschlossen, sofern seitens des Autors kein nachweislich vors\u00e4tzliches oder grob fahrl\u00e4ssiges Verschulden vorliegt. Alle Angebote sind freibleibend und unverbindlich. Der Autor beh\u00e4lt es sich ausdr\u00fccklich vor, Teile der Seiten oder das gesamte Angebot ohne gesonderte Ank\u00fcndigung zu ver\u00e4ndern, zu erg\u00e4nzen, zu l\u00f6schen oder die Ver\u00f6ffentlichung zeitweise oder endg\u00fcltig einzustellen.<br>\n          <br>\n          <br>Verweise und Links:&nbsp;<br>Unser Angebot enth\u00e4lt Links zu externen Webseiten, auf deren Inhalte wir keinen Einfluss haben. Deshalb k\u00f6nnen wir f\u00fcr diese Fremdinhalte keine Gew\u00e4hr \u00fcbernehmen. F\u00fcr Inhalte der verlinkten Seiten ist stets der jeweilige Anbieter des Internetangebots verantwortlich. Die verlinkten Seiten wurden zum Zeitpunkt der Verlinkung auf m\u00f6gliche Rechtsverst\u00f6\u00dfe \u00fcberpr\u00fcft. Rechtswidrige Inhalte waren zum Zeitpunkt der Verlinkung nicht erkennbar. Eine permanente inhaltliche Kontrolle der verlinkten Seiten ist jedoch ohne konkrete Anhaltspunkte einer Rechtsverletzung nicht zumutbar. Bei bekannt werden von Rechtsverletzungen werden wir derartige Links umgehend entfernen. F\u00fcr illegale, fehlerhafte oder unvollst\u00e4ndige Inhalte und insbesondere f\u00fcr Sch\u00e4den, die aus der Nutzung oder Nichtnutzung solcherart dargebotener Informationen entstehen, haftet allein der Anbieter der Seite, auf welche verwiesen wurde, nicht derjenige, der \u00fcber Links auf die jeweilige Ver\u00f6ffentlichung lediglich verweist.<br>\n          <br>\n          <br>Copyright:<br>Der Autor ist bestrebt, in allen Publikationen die Urheberrechte der verwendeten Grafiken, Tondokumente, Videosequenzen und Texte zu beachten, von ihm selbst erstellte Grafiken, Tondokumente, Videosequenzen und Texte zu nutzen oder auf lizenzfreie Grafiken, Tondokumente, Videosequenzen und Texte zur\u00fcckzugreifen. Alle innerhalb des Internetangebotes genannten und ggf. durch Dritte gesch\u00fctzten Marken- und Warenzeichen unterliegen uneingeschr\u00e4nkt den Bestimmungen des jeweils g\u00fcltigen Kennzeichenrechts und den Besitzrechten der jeweiligen eingetragenen Eigent\u00fcmer. Allein aufgrund der blo\u00dfen Nennung ist nicht der Schlu\u00df zu ziehen, dass Markenzeichen nicht durch Rechte Dritter gesch\u00fctzt sind! Das Copyright f\u00fcr ver\u00f6ffentlichte, vom Autor selbst erstellte Objekte bleibt allein beim Autor der Seiten. Eine Vervielf\u00e4ltigung oder Verwendung solcher Grafiken, Tondokumente, Videosequenzen und Texte in anderen elektronischen oder gedruckten Publikationen ist ohne ausdr\u00fcckliche Zustimmung des Autors nicht gestattet<br>\n          <br>\n          <br>\n          <br>Bildquelle: SunSet Filmger\u00e4teverleih<br>Bildquelle: Unsplash.com \n        <\/p>\n      <\/div>\n    <\/section>\n    \n    \n    \n    \n    \n    \n  \n","protected":false},"excerpt":{"rendered":"<p>Impressum SunSet Filmger\u00e4teverleihJ\u00f6rg HeinzmannHugo-Stotz-Strasse 4-6 69123 Heidelberg eMail: info@sunsetfilm.de Web: www.sunsetfilm.de Gesch\u00e4ftsf\u00fchrer: J\u00f6rg HeinzmannRegistergericht: HeidelbergUst-IdNr.: DE \u200b190572792Inhaltlich Verantwortlicher: J\u00f6rg Heinzmann Haftungsausschluss:Die Inhalte unserer Seiten wurden mit gr\u00f6\u00dfter Sorgfalt erstellt. F\u00fcr die Richtigkeit, Vollst\u00e4ndigkeit und Aktualit\u00e4t der Inhalte k\u00f6nnen wir jedoch keine Gew\u00e4hr \u00fcbernehmen. Haftungsausschluss:Der Autor \u00fcbernimmt keinerlei Gew\u00e4hr f\u00fcr die Aktualit\u00e4t, Korrektheit, Vollst\u00e4ndigkeit oder Qualit\u00e4t &hellip; <a href=\"https:\/\/sunsetfilm.de\/?page_id=100\" class=\"more-link\">Continue reading<span class=\"screen-reader-text\"> &#8222;Impressum&#8220;<\/span><\/a><\/p>\n","protected":false},"author":1,"featured_media":0,"parent":0,"menu_order":9,"comment_status":"closed","ping_status":"closed","template":"","meta":{"footnotes":""},"class_list":["post-100","page","type-page","status-publish","hentry"],"yoast_head":"<!-- This site is optimized with the Yoast SEO plugin v23.3 - https:\/\/yoast.com\/wordpress\/plugins\/seo\/ -->\n<title>Impressum - SunSet Filmger\u00e4teverleih<\/title>\n<meta name=\"robots\" content=\"index, follow, max-snippet:-1, max-image-preview:large, max-video-preview:-1\" \/>\n<link rel=\"canonical\" href=\"https:\/\/sunsetfilm.de\/?page_id=100\" \/>\n<meta property=\"og:locale\" content=\"de_DE\" \/>\n<meta property=\"og:type\" content=\"article\" \/>\n<meta property=\"og:title\" content=\"Impressum - SunSet Filmger\u00e4teverleih\" \/>\n<meta property=\"og:description\" content=\"Impressum SunSet Filmger\u00e4teverleihJ\u00f6rg HeinzmannHugo-Stotz-Strasse 4-6 69123 Heidelberg eMail: info@sunsetfilm.de Web: www.sunsetfilm.de Gesch\u00e4ftsf\u00fchrer: J\u00f6rg HeinzmannRegistergericht: HeidelbergUst-IdNr.: DE \u200b190572792Inhaltlich Verantwortlicher: J\u00f6rg Heinzmann Haftungsausschluss:Die Inhalte unserer Seiten wurden mit gr\u00f6\u00dfter Sorgfalt erstellt. F\u00fcr die Richtigkeit, Vollst\u00e4ndigkeit und Aktualit\u00e4t der Inhalte k\u00f6nnen wir jedoch keine Gew\u00e4hr \u00fcbernehmen. Haftungsausschluss:Der Autor \u00fcbernimmt keinerlei Gew\u00e4hr f\u00fcr die Aktualit\u00e4t, Korrektheit, Vollst\u00e4ndigkeit oder Qualit\u00e4t &hellip; Continue reading &quot;Impressum&quot;\" \/>\n<meta property=\"og:url\" content=\"https:\/\/sunsetfilm.de\/?page_id=100\" \/>\n<meta property=\"og:site_name\" content=\"SunSet Filmger\u00e4teverleih\" \/>\n<meta property=\"article:publisher\" content=\"https:\/\/www.facebook.com\/SunSetFilmgeraeteverleih\" \/>\n<meta property=\"article:modified_time\" content=\"2026-02-28T19:03:04+00:00\" \/>\n<meta name=\"twitter:card\" content=\"summary_large_image\" \/>\n<meta name=\"twitter:label1\" content=\"Gesch\u00e4tzte Lesezeit\" \/>\n\t<meta name=\"twitter:data1\" content=\"2 Minuten\" \/>\n<script type=\"application\/ld+json\" class=\"yoast-schema-graph\">{\"@context\":\"https:\/\/schema.org\",\"@graph\":[{\"@type\":\"WebPage\",\"@id\":\"https:\/\/sunsetfilm.de\/?page_id=100\",\"url\":\"https:\/\/sunsetfilm.de\/?page_id=100\",\"name\":\"Impressum - SunSet Filmger\u00e4teverleih\",\"isPartOf\":{\"@id\":\"https:\/\/sunsetfilm.de\/#website\"},\"datePublished\":\"2024-03-23T16:33:19+00:00\",\"dateModified\":\"2026-02-28T19:03:04+00:00\",\"breadcrumb\":{\"@id\":\"https:\/\/sunsetfilm.de\/?page_id=100#breadcrumb\"},\"inLanguage\":\"de-DE\",\"potentialAction\":[{\"@type\":\"ReadAction\",\"target\":[\"https:\/\/sunsetfilm.de\/?page_id=100\"]}]},{\"@type\":\"BreadcrumbList\",\"@id\":\"https:\/\/sunsetfilm.de\/?page_id=100#breadcrumb\",\"itemListElement\":[{\"@type\":\"ListItem\",\"position\":1,\"name\":\"Startseite\",\"item\":\"https:\/\/sunsetfilm.de\/\"},{\"@type\":\"ListItem\",\"position\":2,\"name\":\"Impressum\"}]},{\"@type\":\"WebSite\",\"@id\":\"https:\/\/sunsetfilm.de\/#website\",\"url\":\"https:\/\/sunsetfilm.de\/\",\"name\":\"SunSet Filmger\u00e4teverleih\",\"description\":\"\",\"publisher\":{\"@id\":\"https:\/\/sunsetfilm.de\/#organization\"},\"potentialAction\":[{\"@type\":\"SearchAction\",\"target\":{\"@type\":\"EntryPoint\",\"urlTemplate\":\"https:\/\/sunsetfilm.de\/?s={search_term_string}\"},\"query-input\":\"required name=search_term_string\"}],\"inLanguage\":\"de-DE\"},{\"@type\":\"Organization\",\"@id\":\"https:\/\/sunsetfilm.de\/#organization\",\"name\":\"SunSet Filmger\u00e4teverleih\",\"url\":\"https:\/\/sunsetfilm.de\/\",\"logo\":{\"@type\":\"ImageObject\",\"inLanguage\":\"de-DE\",\"@id\":\"https:\/\/sunsetfilm.de\/#\/schema\/logo\/image\/\",\"url\":\"https:\/\/sunsetfilm.de\/wp-content\/uploads\/2024\/03\/Logo_Rechteck_transparent-2.png\",\"contentUrl\":\"https:\/\/sunsetfilm.de\/wp-content\/uploads\/2024\/03\/Logo_Rechteck_transparent-2.png\",\"width\":1600,\"height\":610,\"caption\":\"SunSet Filmger\u00e4teverleih\"},\"image\":{\"@id\":\"https:\/\/sunsetfilm.de\/#\/schema\/logo\/image\/\"},\"sameAs\":[\"https:\/\/www.facebook.com\/SunSetFilmgeraeteverleih\",\"https:\/\/www.instagram.com\/sunset_filmgeraeteverleih\/\"]}]}<\/script>\n<!-- \/ Yoast SEO plugin. -->","yoast_head_json":{"title":"Impressum - SunSet Filmger\u00e4teverleih","robots":{"index":"index","follow":"follow","max-snippet":"max-snippet:-1","max-image-preview":"max-image-preview:large","max-video-preview":"max-video-preview:-1"},"canonical":"https:\/\/sunsetfilm.de\/?page_id=100","og_locale":"de_DE","og_type":"article","og_title":"Impressum - SunSet Filmger\u00e4teverleih","og_description":"Impressum SunSet Filmger\u00e4teverleihJ\u00f6rg HeinzmannHugo-Stotz-Strasse 4-6 69123 Heidelberg eMail: info@sunsetfilm.de Web: www.sunsetfilm.de Gesch\u00e4ftsf\u00fchrer: J\u00f6rg HeinzmannRegistergericht: HeidelbergUst-IdNr.: DE \u200b190572792Inhaltlich Verantwortlicher: J\u00f6rg Heinzmann Haftungsausschluss:Die Inhalte unserer Seiten wurden mit gr\u00f6\u00dfter Sorgfalt erstellt. F\u00fcr die Richtigkeit, Vollst\u00e4ndigkeit und Aktualit\u00e4t der Inhalte k\u00f6nnen wir jedoch keine Gew\u00e4hr \u00fcbernehmen. Haftungsausschluss:Der Autor \u00fcbernimmt keinerlei Gew\u00e4hr f\u00fcr die Aktualit\u00e4t, Korrektheit, Vollst\u00e4ndigkeit oder Qualit\u00e4t &hellip; Continue reading \"Impressum\"","og_url":"https:\/\/sunsetfilm.de\/?page_id=100","og_site_name":"SunSet Filmger\u00e4teverleih","article_publisher":"https:\/\/www.facebook.com\/SunSetFilmgeraeteverleih","article_modified_time":"2026-02-28T19:03:04+00:00","twitter_card":"summary_large_image","twitter_misc":{"Gesch\u00e4tzte Lesezeit":"2 Minuten"},"schema":{"@context":"https:\/\/schema.org","@graph":[{"@type":"WebPage","@id":"https:\/\/sunsetfilm.de\/?page_id=100","url":"https:\/\/sunsetfilm.de\/?page_id=100","name":"Impressum - SunSet Filmger\u00e4teverleih","isPartOf":{"@id":"https:\/\/sunsetfilm.de\/#website"},"datePublished":"2024-03-23T16:33:19+00:00","dateModified":"2026-02-28T19:03:04+00:00","breadcrumb":{"@id":"https:\/\/sunsetfilm.de\/?page_id=100#breadcrumb"},"inLanguage":"de-DE","potentialAction":[{"@type":"ReadAction","target":["https:\/\/sunsetfilm.de\/?page_id=100"]}]},{"@type":"BreadcrumbList","@id":"https:\/\/sunsetfilm.de\/?page_id=100#breadcrumb","itemListElement":[{"@type":"ListItem","position":1,"name":"Startseite","item":"https:\/\/sunsetfilm.de\/"},{"@type":"ListItem","position":2,"name":"Impressum"}]},{"@type":"WebSite","@id":"https:\/\/sunsetfilm.de\/#website","url":"https:\/\/sunsetfilm.de\/","name":"SunSet Filmger\u00e4teverleih","description":"","publisher":{"@id":"https:\/\/sunsetfilm.de\/#organization"},"potentialAction":[{"@type":"SearchAction","target":{"@type":"EntryPoint","urlTemplate":"https:\/\/sunsetfilm.de\/?s={search_term_string}"},"query-input":"required name=search_term_string"}],"inLanguage":"de-DE"},{"@type":"Organization","@id":"https:\/\/sunsetfilm.de\/#organization","name":"SunSet Filmger\u00e4teverleih","url":"https:\/\/sunsetfilm.de\/","logo":{"@type":"ImageObject","inLanguage":"de-DE","@id":"https:\/\/sunsetfilm.de\/#\/schema\/logo\/image\/","url":"https:\/\/sunsetfilm.de\/wp-content\/uploads\/2024\/03\/Logo_Rechteck_transparent-2.png","contentUrl":"https:\/\/sunsetfilm.de\/wp-content\/uploads\/2024\/03\/Logo_Rechteck_transparent-2.png","width":1600,"height":610,"caption":"SunSet Filmger\u00e4teverleih"},"image":{"@id":"https:\/\/sunsetfilm.de\/#\/schema\/logo\/image\/"},"sameAs":["https:\/\/www.facebook.com\/SunSetFilmgeraeteverleih","https:\/\/www.instagram.com\/sunset_filmgeraeteverleih\/"]}]}},"_links":{"self":[{"href":"https:\/\/sunsetfilm.de\/index.php?rest_route=\/wp\/v2\/pages\/100"}],"collection":[{"href":"https:\/\/sunsetfilm.de\/index.php?rest_route=\/wp\/v2\/pages"}],"about":[{"href":"https:\/\/sunsetfilm.de\/index.php?rest_route=\/wp\/v2\/types\/page"}],"author":[{"embeddable":true,"href":"https:\/\/sunsetfilm.de\/index.php?rest_route=\/wp\/v2\/users\/1"}],"replies":[{"embeddable":true,"href":"https:\/\/sunsetfilm.de\/index.php?rest_route=%2Fwp%2Fv2%2Fcomments&post=100"}],"version-history":[{"count":3,"href":"https:\/\/sunsetfilm.de\/index.php?rest_route=\/wp\/v2\/pages\/100\/revisions"}],"predecessor-version":[{"id":378,"href":"https:\/\/sunsetfilm.de\/index.php?rest_route=\/wp\/v2\/pages\/100\/revisions\/378"}],"wp:attachment":[{"href":"https:\/\/sunsetfilm.de\/index.php?rest_route=%2Fwp%2Fv2%2Fmedia&parent=100"}],"curies":[{"name":"wp","href":"https:\/\/api.w.org\/{rel}","templated":true}]}}